{"id":184,"date":"2020-09-24T11:06:33","date_gmt":"2020-09-24T09:06:33","guid":{"rendered":"http:\/\/ttis.fr\/?page_id=184"},"modified":"2022-12-12T15:26:03","modified_gmt":"2022-12-12T14:26:03","slug":"le-comite-scientifique","status":"publish","type":"page","link":"https:\/\/ttis.fr\/index.php\/le-comite-scientifique\/","title":{"rendered":"Le comit\u00e9 scientifique"},"content":{"rendered":"<p><div class=\"fusion-fullwidth fullwidth-box fusion-builder-row-1 fusion-flex-container nonhundred-percent-fullwidth non-hundred-percent-height-scrolling\" style=\"background-color: rgba(255,255,255,0);background-position: center center;background-repeat: no-repeat;border-width: 0px 0px 0px 0px;border-color:#e2e2e2;border-style:solid;\" ><div class=\"fusion-builder-row fusion-row fusion-flex-align-items-flex-start\" style=\"max-width:1248px;margin-left: calc(-4% \/ 2 );margin-right: calc(-4% \/ 2 );\"><div class=\"fusion-layout-column fusion_builder_column fusion-builder-column-0 fusion_builder_column_1_1 1_1 fusion-flex-column\"><div class=\"fusion-column-wrapper fusion-flex-justify-content-flex-start fusion-content-layout-column\" style=\"background-position:left top;background-repeat:no-repeat;-webkit-background-size:cover;-moz-background-size:cover;-o-background-size:cover;background-size:cover;padding: 0px 0px 0px 0px;\"><div ><span class=\" fusion-imageframe imageframe-none imageframe-1 hover-type-none\"><img width=\"2463\" height=\"25\" title=\"separateur\" src=\"http:\/\/ttis.fr\/wp-content\/uploads\/2020\/09\/separateur.png\" class=\"img-responsive wp-image-62\" srcset=\"https:\/\/ttis.fr\/wp-content\/uploads\/2020\/09\/separateur-200x2.png 200w, https:\/\/ttis.fr\/wp-content\/uploads\/2020\/09\/separateur-400x4.png 400w, https:\/\/ttis.fr\/wp-content\/uploads\/2020\/09\/separateur-600x6.png 600w, https:\/\/ttis.fr\/wp-content\/uploads\/2020\/09\/separateur-800x8.png 800w, https:\/\/ttis.fr\/wp-content\/uploads\/2020\/09\/separateur-1200x12.png 1200w, https:\/\/ttis.fr\/wp-content\/uploads\/2020\/09\/separateur.png 2463w\" sizes=\"(max-width: 640px) 100vw, 1200px\" \/><\/span><\/div><style type=\"text\/css\">@media only screen and (max-width:1024px) {.fusion-title.fusion-title-1{margin-top:10px!important;margin-bottom:15px!important;}}@media only screen and (max-width:640px) {.fusion-title.fusion-title-1{margin-top:10px!important;margin-bottom:10px!important;}}<\/style><div class=\"fusion-title title fusion-title-1 fusion-sep-none fusion-title-center fusion-title-text fusion-title-size-one\" style=\"font-size:30px;margin-top:10px;margin-bottom:15px;\"><h1 class=\"title-heading-center\" style=\"margin:0;font-size:1em;\"><h1 style=\"text-align: center;\">Le Comit\u00e9 Scientifique<\/h1><\/h1><\/div><div class=\"fusion-text fusion-text-1\"><h3><\/h3>\n<p>Le conseil scientifique joue un r\u00f4le primordial puisqu\u2019il assure la d\u00e9finition de la politique p\u00e9dagogique de l\u2019\u00c9cole. Les personnes composant ce comit\u00e9 sont charg\u00e9es d\u2019orienter les choix strat\u00e9giques concernant :<\/p>\n<ul>\n<li>Le contenu des formations<\/li>\n<li>La s\u00e9lection des enseignants<\/li>\n<\/ul>\n<\/div><div class=\"fusion-separator fusion-full-width-sep\" style=\"align-self: center;margin-left: auto;margin-right: auto;margin-top:15px;margin-bottom:25px;width:100%;\"><div class=\"fusion-separator-border sep-single sep-solid\" style=\"border-color:#707070;border-top-width:1px;\"><\/div><\/div><\/div><\/div><style type=\"text\/css\">.fusion-body .fusion-builder-column-0{width:100% !important;margin-top : 0px;margin-bottom : 20px;}.fusion-builder-column-0 > .fusion-column-wrapper {padding-top : 0px !important;padding-right : 0px !important;margin-right : 1.92%;padding-bottom : 0px !important;padding-left : 0px !important;margin-left : 1.92%;}@media only screen and (max-width:1024px) {.fusion-body .fusion-builder-column-0{width:100% !important;order : 0;}.fusion-builder-column-0 > .fusion-column-wrapper {margin-right : 1.92%;margin-left : 1.92%;}}@media only screen and (max-width:640px) {.fusion-body .fusion-builder-column-0{width:100% !important;order : 0;}.fusion-builder-column-0 > .fusion-column-wrapper {margin-right : 1.92%;margin-left : 1.92%;}}<\/style><\/div><style type=\"text\/css\">.fusion-body .fusion-flex-container.fusion-builder-row-1{ padding-top : 0px;margin-top : 0px;padding-right : 0px;padding-bottom : 0px;margin-bottom : 0px;padding-left : 0px;}<\/style><\/div><div class=\"fusion-fullwidth fullwidth-box fusion-builder-row-2 fusion-flex-container nonhundred-percent-fullwidth non-hundred-percent-height-scrolling\" style=\"background-color: rgba(255,255,255,0);background-position: center center;background-repeat: no-repeat;border-width: 0px 0px 0px 0px;border-color:#e2e2e2;border-style:solid;\" ><div class=\"fusion-builder-row fusion-row fusion-flex-align-items-flex-start\" style=\"max-width:1248px;margin-left: calc(-4% \/ 2 );margin-right: calc(-4% \/ 2 );\"><div class=\"fusion-layout-column fusion_builder_column fusion-builder-column-1 fusion_builder_column_1_1 1_1 fusion-flex-column\"><div class=\"fusion-column-wrapper fusion-flex-justify-content-flex-start fusion-content-layout-column\" style=\"background-position:left top;background-repeat:no-repeat;-webkit-background-size:cover;-moz-background-size:cover;-o-background-size:cover;background-size:cover;padding: 0px 0px 0px 0px;\"><style type=\"text\/css\">@media only screen and (max-width:1024px) {.fusion-title.fusion-title-2{margin-top:10px!important;margin-bottom:15px!important;}}@media only screen and (max-width:640px) {.fusion-title.fusion-title-2{margin-top:10px!important;margin-bottom:10px!important;}}<\/style><div class=\"fusion-title title fusion-title-2 fusion-sep-none fusion-title-center fusion-title-text fusion-title-size-one\" style=\"font-size:30px;margin-top:10px;margin-bottom:15px;\"><h1 class=\"title-heading-center\" style=\"margin:0;font-size:1em;\"><h1 style=\"text-align: center;\">Les membres du Comit\u00e9 Scientifique<\/h1><\/h1><\/div><div class=\"fusion-text fusion-text-2\"><h3><\/h3>\n<p><strong>G\u00e9rard BERRY, <\/strong>Membre de l&#8217;Acad\u00e9mie des Sciences, Professeur \u00e9m\u00e9rite au Coll\u00e8ge de France<\/p>\n<p><strong>Maguelonne CHAMBON<\/strong>, Directrice de la Recherche Scientifique et Technologique du LNE (Laboratoire National d\u2019Essais et de m\u00e9trologie)<\/p>\n<p><strong>Cl\u00e9ment PERNET<\/strong>, Professeur \u00e0 Grenoble INP\/UGA, directeur de Cyberskills@UGA<\/p>\n<p><strong>\u00c9ric GAUSSIER<\/strong>, Professeur \u00e0 l\u2019Universit\u00e9 Grenoble Alpes, directeur du MIAI (Institut multidisciplinaire en Intelligence Artificielle)<\/p>\n<p><strong>Jacques FOURNIER<\/strong>,\u00a0Directeur de Recherche, directeur adjoint de la division cybers\u00e9curit\u00e9, CEA-Leti<\/p>\n<p><strong>Yann LECOQ<\/strong>, Directeur du Labex FIRST-TF, LNE-SYRTE, CNRS\/Observatoire de Paris<\/p>\n<p><strong>Pierre LEMONDE<\/strong>, Directeur de Recherche au CNRS &#8211; Institut N\u00e9el Grenoble<\/p>\n<p><strong>Enrico RUBIOLA<\/strong>, professeur \u00e0 l\u2019Universit\u00e9 de Franche-Comt\u00e9, Directeur du s\u00e9minaire international EFTS<\/p>\n<p><strong>Christophe SALOMON<\/strong>, Membre de l\u2019Acad\u00e9mie des Sciences, Directeur de Recherche au CNRS \u00e0 l&#8217;Ecole Normale Sup\u00e9rieure de Paris<\/p>\n<p><strong>Christine VERDIER<\/strong>, Professeure \u00e0 l&#8217;Universit\u00e9 Grenoble Alpes, Directrice de la F\u00e9d\u00e9ration de recherche Innovation, Connaissances et Soci\u00e9t\u00e9 (InnovaCS)<\/p>\n<p><strong>Shougang ZHANG<\/strong>, Directeur de l\u2019Observatoire National de Chine<\/p>\n<\/div><\/div><\/div><style type=\"text\/css\">.fusion-body .fusion-builder-column-1{width:100% !important;margin-top : 0px;margin-bottom : 20px;}.fusion-builder-column-1 > .fusion-column-wrapper {padding-top : 0px !important;padding-right : 0px !important;margin-right : 1.92%;padding-bottom : 0px !important;padding-left : 0px !important;margin-left : 1.92%;}@media only screen and (max-width:1024px) {.fusion-body .fusion-builder-column-1{width:100% !important;order : 0;}.fusion-builder-column-1 > .fusion-column-wrapper {margin-right : 1.92%;margin-left : 1.92%;}}@media only screen and (max-width:640px) {.fusion-body .fusion-builder-column-1{width:100% !important;order : 0;}.fusion-builder-column-1 > .fusion-column-wrapper {margin-right : 1.92%;margin-left : 1.92%;}}<\/style><\/div><style type=\"text\/css\">.fusion-body .fusion-flex-container.fusion-builder-row-2{ padding-top : 0px;margin-top : 0px;padding-right : 0px;padding-bottom : 0px;margin-bottom : 0px;padding-left : 0px;}<\/style><\/div><\/p>\n","protected":false},"excerpt":{"rendered":"","protected":false},"author":1,"featured_media":0,"parent":0,"menu_order":0,"comment_status":"closed","ping_status":"closed","template":"100-width.php","meta":[],"_links":{"self":[{"href":"https:\/\/ttis.fr\/index.php\/wp-json\/wp\/v2\/pages\/184"}],"collection":[{"href":"https:\/\/ttis.fr\/index.php\/wp-json\/wp\/v2\/pages"}],"about":[{"href":"https:\/\/ttis.fr\/index.php\/wp-json\/wp\/v2\/types\/page"}],"author":[{"embeddable":true,"href":"https:\/\/ttis.fr\/index.php\/wp-json\/wp\/v2\/users\/1"}],"replies":[{"embeddable":true,"href":"https:\/\/ttis.fr\/index.php\/wp-json\/wp\/v2\/comments?post=184"}],"version-history":[{"count":10,"href":"https:\/\/ttis.fr\/index.php\/wp-json\/wp\/v2\/pages\/184\/revisions"}],"predecessor-version":[{"id":460,"href":"https:\/\/ttis.fr\/index.php\/wp-json\/wp\/v2\/pages\/184\/revisions\/460"}],"wp:attachment":[{"href":"https:\/\/ttis.fr\/index.php\/wp-json\/wp\/v2\/media?parent=184"}],"curies":[{"name":"wp","href":"https:\/\/api.w.org\/{rel}","templated":true}]}}